{"id":592,"date":"2024-10-02T23:31:20","date_gmt":"2024-10-02T21:31:20","guid":{"rendered":"https:\/\/m-web.click\/?page_id=592"},"modified":"2024-10-02T23:31:20","modified_gmt":"2024-10-02T21:31:20","slug":"diseno-y-desarrollo-web","status":"publish","type":"page","link":"https:\/\/m-web.click\/en\/diseno-y-desarrollo-web\/","title":{"rendered":"Dise\u00f1o y Desarrollo Web"},"content":{"rendered":"","protected":false},"excerpt":{"rendered":"","protected":false},"author":1,"featured_media":0,"parent":0,"menu_order":3,"comment_status":"closed","ping_status":"closed","template":"","meta":{"slim_seo":{"title":"Dise\u00f1o y Desarrollo Web - Dise\u00f1o Web en Espa\u00f1a | Dise\u00f1ador Web Freelance en Girona","description":""},"footnotes":""},"class_list":["post-592","page","type-page","status-publish","hentry"],"_links":{"self":[{"href":"https:\/\/m-web.click\/en\/wp-json\/wp\/v2\/pages\/592","targetHints":{"allow":["GET"]}}],"collection":[{"href":"https:\/\/m-web.click\/en\/wp-json\/wp\/v2\/pages"}],"about":[{"href":"https:\/\/m-web.click\/en\/wp-json\/wp\/v2\/types\/page"}],"author":[{"embeddable":true,"href":"https:\/\/m-web.click\/en\/wp-json\/wp\/v2\/users\/1"}],"replies":[{"embeddable":true,"href":"https:\/\/m-web.click\/en\/wp-json\/wp\/v2\/comments?post=592"}],"version-history":[{"count":0,"href":"https:\/\/m-web.click\/en\/wp-json\/wp\/v2\/pages\/592\/revisions"}],"wp:attachment":[{"href":"https:\/\/m-web.click\/en\/wp-json\/wp\/v2\/media?parent=592"}],"curies":[{"name":"wp","href":"https:\/\/api.w.org\/{rel}","templated":true}]}}