{"id":596,"date":"2024-10-02T23:32:18","date_gmt":"2024-10-02T21:32:18","guid":{"rendered":"https:\/\/m-web.click\/?page_id=596"},"modified":"2024-10-02T23:32:18","modified_gmt":"2024-10-02T21:32:18","slug":"mantenimiento","status":"publish","type":"page","link":"https:\/\/m-web.click\/en\/mantenimiento\/","title":{"rendered":"Mantenimiento"},"content":{"rendered":"","protected":false},"excerpt":{"rendered":"","protected":false},"author":1,"featured_media":0,"parent":0,"menu_order":5,"comment_status":"closed","ping_status":"closed","template":"","meta":{"slim_seo":{"title":"Mantenimiento - Dise\u00f1o Web en Espa\u00f1a | Dise\u00f1ador Web Freelance en Girona","description":""},"footnotes":""},"class_list":["post-596","page","type-page","status-publish","hentry"],"_links":{"self":[{"href":"https:\/\/m-web.click\/en\/wp-json\/wp\/v2\/pages\/596","targetHints":{"allow":["GET"]}}],"collection":[{"href":"https:\/\/m-web.click\/en\/wp-json\/wp\/v2\/pages"}],"about":[{"href":"https:\/\/m-web.click\/en\/wp-json\/wp\/v2\/types\/page"}],"author":[{"embeddable":true,"href":"https:\/\/m-web.click\/en\/wp-json\/wp\/v2\/users\/1"}],"replies":[{"embeddable":true,"href":"https:\/\/m-web.click\/en\/wp-json\/wp\/v2\/comments?post=596"}],"version-history":[{"count":0,"href":"https:\/\/m-web.click\/en\/wp-json\/wp\/v2\/pages\/596\/revisions"}],"wp:attachment":[{"href":"https:\/\/m-web.click\/en\/wp-json\/wp\/v2\/media?parent=596"}],"curies":[{"name":"wp","href":"https:\/\/api.w.org\/{rel}","templated":true}]}}